{"id":6,"date":"2021-06-11T13:09:59","date_gmt":"2021-06-11T13:09:59","guid":{"rendered":"http:\/\/gb-coach.de\/?page_id=6"},"modified":"2021-06-11T13:09:59","modified_gmt":"2021-06-11T13:09:59","slug":"ueber-uns","status":"publish","type":"page","link":"https:\/\/gb-coach.de\/?page_id=6","title":{"rendered":"\u00dcber mich"},"content":{"rendered":"\n<p>Ich erblickte im Jahre 1974 das Licht der Welt in der wundersch\u00f6nen Region um den Kyffh\u00e4user herum. Ich bin von Natur aus ein freundlicher Mensch, so auch die Aussagen meiner Ma, die behauptet, dass ich schon als Baby jeden angel\u00e4chelt habe. Auch in Kindergarten und Schule gelang mir dies recht gut.<\/p>\n\n\n\n<p>Meine Lebensplanung war bis 1989 klar strukturiert. Mit der Wende waren diese Pl\u00e4ne von heute auf morgen hinf\u00e4llig und ich musste mich neu orientieren. Es stand die Frage, Koch oder die Arbeit mit Kindern? Ich habe mich f\u00fcr die Arbeit mit Kindern und Jugendlichen entschieden. Auf der Suche nach der richtigen Form, habe ich mich bewusst gegen ein Studium entschieden und f\u00fcr die Ausbildung zum Erzieher. Noch heute koche ich leidenschaftlich gern und leider schmeckt es meistens auch.<\/p>\n\n\n\n<p>In meinen ersten Arbeitsjahren habe ich mich zun\u00e4chst in unterschiedlichsten Berufen ausprobiert, auch ein Ausflug in den gastronomischen Bereich war dabei. Anders als heute waren M\u00e4nner im Erzieherberuf eher Exoten. Irgendwann besann ich mich meiner Berufung und fing an in einem Kinder- und Jugendheim zu arbeiten. Der Umgang mit den Jugendlichen fiel mir sehr leicht und machte enormen Spa\u00df. Nach einiger Zeit kam ich ins \u00dcberlegen: Das kann noch nicht alles sein. Wir Erzieher begleiten die Kinder und Jugendlichen ein St\u00fcck auf ihrem Weg, sie entwickeln sich und kommen dann in ein (famili\u00e4res) System zur\u00fcck, das sich nicht ver\u00e4ndert hat. Also schaute ich mich nach Alternativen um.<\/p>\n\n\n\n<p>In Erfurt angekommen, habe ich&nbsp;angefangen in einer 5-Tage-Gruppe zu arbeiten, wo die Kinder und Jugendlichen an den Wochenenden in ihren Familien blieben. Die Eltern erhielten auch Unterst\u00fctzung, so dass Probleme nachhaltig \u00fcberwunden werden konnten. Zusammen mit einem gro\u00dfen Tr\u00e4ger der Jugendhilfe baute wir das Projekt Integrierte Familienhilfe auf und ich war massgeblich an der Weiterentwicklung beteiligt. Bis heute finde ich dieses Konzept genial, und die Arbeit mit den Familien hat mir sehr viel Freude gemacht.<\/p>\n\n\n\n<p>Berufliche Weiterentwicklung war und ist f\u00fcr mich immer ein Thema, Stillstand ist mir fremd. Daher entschied ich mich 2008 nach vielen kleineren Lehrg\u00e4ngen die Weiterbildung zum systemischen Berater zu machen. Ich schloss diese mit Erfolg ab und konnte anschlie\u00dfend das Wissen in meiner T\u00e4tigkeit einbringen. Das systemische Arbeiten ist seitdem ein Grundpfeiler meiner Arbeit und zur Vertiefung begann ich im Jahre 2012 meine Weiterbildung zum systemischen Coach (nach Standard der DGfC).<\/p>\n\n\n\n<p>Der Wunsch nach gr\u00f6\u00dferem beruflichen Gestaltungsspielraum wuchs und so startete ich am 01.01.2013 in die Freiberuflichkeit in der ambulanten Jugendhilfe. Seitdem habe ich \u00fcber 50 Familien bei der L\u00f6sung verschiedenster Probleme begleitet, dabei sind meine Arbeitsschwerpunkte der Erziehungsbeistand und Schulproblematiken.<\/p>\n\n\n\n<p>Inzwischen liegt mein privater und beruflicher Schwerpunkt im Raum Leipzig, aber mein Geburtsort hinterlie\u00df wahrscheinlich einen nachhaltigen Eindruck. Bis heute komme ich nicht ohne Berge und Schnee aus. Mein zweites Hobby neben der Skifahrerei ist das Fotografieren. Alle Bilder, die Sie auf meiner Website sehen, sind von mir fotografiert und alle Rechte liegen bei mir.<\/p>\n","protected":false},"excerpt":{"rendered":"<p>Ich erblickte im Jahre 1974 das Licht der Welt in der wundersch\u00f6nen Region um den Kyffh\u00e4user herum. Ich bin von Natur aus ein freundlicher Mensch, so auch die Aussagen meiner Ma, die behauptet, dass ich schon als Baby jeden angel\u00e4chelt habe. Auch in Kindergarten und Schule gelang mir dies recht gut. Meine Lebensplanung war bis &hellip; <\/p>\n<p class=\"link-more\"><a href=\"https:\/\/gb-coach.de\/?page_id=6\" class=\"more-link\"><span class=\"screen-reader-text\">\u201e\u00dcber mich\u201c <\/span>weiterlesen<\/a><\/p>\n","protected":false},"author":1,"featured_media":0,"parent":0,"menu_order":0,"comment_status":"closed","ping_status":"closed","template":"","meta":{"footnotes":""},"class_list":["post-6","page","type-page","status-publish","hentry"],"yoast_head":"<!-- This site is optimized with the Yoast SEO plugin v27.4 - https:\/\/yoast.com\/product\/yoast-seo-wordpress\/ -->\n<title>\u00dcber mich - Glen Bernhardt Coach<\/title>\n<meta name=\"robots\" content=\"index, follow, max-snippet:-1, max-image-preview:large, max-video-preview:-1\" \/>\n<link rel=\"canonical\" href=\"https:\/\/gb-coach.de\/?page_id=6\" \/>\n<meta property=\"og:locale\" content=\"de_DE\" \/>\n<meta property=\"og:type\" content=\"article\" \/>\n<meta property=\"og:title\" content=\"\u00dcber mich - Glen Bernhardt Coach\" \/>\n<meta property=\"og:description\" content=\"Ich erblickte im Jahre 1974 das Licht der Welt in der wundersch\u00f6nen Region um den Kyffh\u00e4user herum. Ich bin von Natur aus ein freundlicher Mensch, so auch die Aussagen meiner Ma, die behauptet, dass ich schon als Baby jeden angel\u00e4chelt habe. Auch in Kindergarten und Schule gelang mir dies recht gut. Meine Lebensplanung war bis &hellip; \u201e\u00dcber mich\u201c weiterlesen\" \/>\n<meta property=\"og:url\" content=\"https:\/\/gb-coach.de\/?page_id=6\" \/>\n<meta property=\"og:site_name\" content=\"Glen Bernhardt Coach\" \/>\n<meta name=\"twitter:card\" content=\"summary_large_image\" \/>\n<meta name=\"twitter:label1\" content=\"Gesch\u00e4tzte Lesezeit\" \/>\n\t<meta name=\"twitter:data1\" content=\"3\u00a0Minuten\" \/>\n<script type=\"application\/ld+json\" class=\"yoast-schema-graph\">{\"@context\":\"https:\\\/\\\/schema.org\",\"@graph\":[{\"@type\":\"WebPage\",\"@id\":\"https:\\\/\\\/gb-coach.de\\\/?page_id=6\",\"url\":\"https:\\\/\\\/gb-coach.de\\\/?page_id=6\",\"name\":\"\u00dcber mich - Glen Bernhardt Coach\",\"isPartOf\":{\"@id\":\"https:\\\/\\\/gb-coach.de\\\/#website\"},\"datePublished\":\"2021-06-11T13:09:59+00:00\",\"breadcrumb\":{\"@id\":\"https:\\\/\\\/gb-coach.de\\\/?page_id=6#breadcrumb\"},\"inLanguage\":\"de\",\"potentialAction\":[{\"@type\":\"ReadAction\",\"target\":[\"https:\\\/\\\/gb-coach.de\\\/?page_id=6\"]}]},{\"@type\":\"BreadcrumbList\",\"@id\":\"https:\\\/\\\/gb-coach.de\\\/?page_id=6#breadcrumb\",\"itemListElement\":[{\"@type\":\"ListItem\",\"position\":1,\"name\":\"Home\",\"item\":\"https:\\\/\\\/gb-coach.de\\\/\"},{\"@type\":\"ListItem\",\"position\":2,\"name\":\"\u00dcber mich\"}]},{\"@type\":\"WebSite\",\"@id\":\"https:\\\/\\\/gb-coach.de\\\/#website\",\"url\":\"https:\\\/\\\/gb-coach.de\\\/\",\"name\":\"Glen Bernhardt Coach\",\"description\":\"Inahber: Glen Heide Master- \\\/ Lehrcoach DGfC e.V.\",\"potentialAction\":[{\"@type\":\"SearchAction\",\"target\":{\"@type\":\"EntryPoint\",\"urlTemplate\":\"https:\\\/\\\/gb-coach.de\\\/?s={search_term_string}\"},\"query-input\":{\"@type\":\"PropertyValueSpecification\",\"valueRequired\":true,\"valueName\":\"search_term_string\"}}],\"inLanguage\":\"de\"}]}<\/script>\n<!-- \/ Yoast SEO plugin. -->","yoast_head_json":{"title":"\u00dcber mich - Glen Bernhardt Coach","robots":{"index":"index","follow":"follow","max-snippet":"max-snippet:-1","max-image-preview":"max-image-preview:large","max-video-preview":"max-video-preview:-1"},"canonical":"https:\/\/gb-coach.de\/?page_id=6","og_locale":"de_DE","og_type":"article","og_title":"\u00dcber mich - Glen Bernhardt Coach","og_description":"Ich erblickte im Jahre 1974 das Licht der Welt in der wundersch\u00f6nen Region um den Kyffh\u00e4user herum. Ich bin von Natur aus ein freundlicher Mensch, so auch die Aussagen meiner Ma, die behauptet, dass ich schon als Baby jeden angel\u00e4chelt habe. Auch in Kindergarten und Schule gelang mir dies recht gut. Meine Lebensplanung war bis &hellip; \u201e\u00dcber mich\u201c weiterlesen","og_url":"https:\/\/gb-coach.de\/?page_id=6","og_site_name":"Glen Bernhardt Coach","twitter_card":"summary_large_image","twitter_misc":{"Gesch\u00e4tzte Lesezeit":"3\u00a0Minuten"},"schema":{"@context":"https:\/\/schema.org","@graph":[{"@type":"WebPage","@id":"https:\/\/gb-coach.de\/?page_id=6","url":"https:\/\/gb-coach.de\/?page_id=6","name":"\u00dcber mich - Glen Bernhardt Coach","isPartOf":{"@id":"https:\/\/gb-coach.de\/#website"},"datePublished":"2021-06-11T13:09:59+00:00","breadcrumb":{"@id":"https:\/\/gb-coach.de\/?page_id=6#breadcrumb"},"inLanguage":"de","potentialAction":[{"@type":"ReadAction","target":["https:\/\/gb-coach.de\/?page_id=6"]}]},{"@type":"BreadcrumbList","@id":"https:\/\/gb-coach.de\/?page_id=6#breadcrumb","itemListElement":[{"@type":"ListItem","position":1,"name":"Home","item":"https:\/\/gb-coach.de\/"},{"@type":"ListItem","position":2,"name":"\u00dcber mich"}]},{"@type":"WebSite","@id":"https:\/\/gb-coach.de\/#website","url":"https:\/\/gb-coach.de\/","name":"Glen Bernhardt Coach","description":"Inahber: Glen Heide Master- \/ Lehrcoach DGfC e.V.","potentialAction":[{"@type":"SearchAction","target":{"@type":"EntryPoint","urlTemplate":"https:\/\/gb-coach.de\/?s={search_term_string}"},"query-input":{"@type":"PropertyValueSpecification","valueRequired":true,"valueName":"search_term_string"}}],"inLanguage":"de"}]}},"_links":{"self":[{"href":"https:\/\/gb-coach.de\/index.php?rest_route=\/wp\/v2\/pages\/6","targetHints":{"allow":["GET"]}}],"collection":[{"href":"https:\/\/gb-coach.de\/index.php?rest_route=\/wp\/v2\/pages"}],"about":[{"href":"https:\/\/gb-coach.de\/index.php?rest_route=\/wp\/v2\/types\/page"}],"author":[{"embeddable":true,"href":"https:\/\/gb-coach.de\/index.php?rest_route=\/wp\/v2\/users\/1"}],"replies":[{"embeddable":true,"href":"https:\/\/gb-coach.de\/index.php?rest_route=%2Fwp%2Fv2%2Fcomments&post=6"}],"version-history":[{"count":1,"href":"https:\/\/gb-coach.de\/index.php?rest_route=\/wp\/v2\/pages\/6\/revisions"}],"predecessor-version":[{"id":25,"href":"https:\/\/gb-coach.de\/index.php?rest_route=\/wp\/v2\/pages\/6\/revisions\/25"}],"wp:attachment":[{"href":"https:\/\/gb-coach.de\/index.php?rest_route=%2Fwp%2Fv2%2Fmedia&parent=6"}],"curies":[{"name":"wp","href":"https:\/\/api.w.org\/{rel}","templated":true}]}}