{"id":58,"date":"2021-08-10T16:37:02","date_gmt":"2021-08-10T16:37:02","guid":{"rendered":"http:\/\/gb-coach.de\/?page_id=58"},"modified":"2021-08-10T16:38:41","modified_gmt":"2021-08-10T16:38:41","slug":"paarcoaching","status":"publish","type":"page","link":"https:\/\/gb-coach.de\/?page_id=58","title":{"rendered":"Paarcoaching"},"content":{"rendered":"\n<p>In jeder Beziehung gibt es H\u00f6hen und Tiefen. Manchmal kann eine Kleinigkeit ein Ausl\u00f6ser f\u00fcr eine gro\u00dfe Krise sein. In langj\u00e4hrigen Beziehungen kommt es vor, dass die Partner sich nicht mehr viel zu sagen haben.<\/p>\n\n\n\n<p>Und doch wollen Sie wieder neue Energie in ihre Beziehung bekommen? In diesem Fall biete ich Ihnen eine Plattform, in der Sie sich wieder neu kennenlernen und die Basis Ihrer Beziehung (wieder-)finden und st\u00e4rken k\u00f6nnen.<\/p>\n\n\n\n<p>Es kann im Verlaufe des Coachings aber auch um die Frage gehen, ob Sie sich entscheiden, besser getrennte Wege zu gehen.<\/p>\n","protected":false},"excerpt":{"rendered":"<p>In jeder Beziehung gibt es H\u00f6hen und Tiefen. Manchmal kann eine Kleinigkeit ein Ausl\u00f6ser f\u00fcr eine gro\u00dfe Krise sein. In langj\u00e4hrigen Beziehungen kommt es vor, dass die Partner sich nicht mehr viel zu sagen haben. Und doch wollen Sie wieder neue Energie in ihre Beziehung bekommen? In diesem Fall biete ich Ihnen eine Plattform, in &hellip; <\/p>\n<p class=\"link-more\"><a href=\"https:\/\/gb-coach.de\/?page_id=58\" class=\"more-link\"><span class=\"screen-reader-text\">\u201ePaarcoaching\u201c <\/span>weiterlesen<\/a><\/p>\n","protected":false},"author":1,"featured_media":0,"parent":0,"menu_order":0,"comment_status":"closed","ping_status":"closed","template":"","meta":{"footnotes":""},"class_list":["post-58","page","type-page","status-publish","hentry"],"yoast_head":"<!-- This site is optimized with the Yoast SEO plugin v27.4 - https:\/\/yoast.com\/product\/yoast-seo-wordpress\/ -->\n<title>Paarcoaching - Glen Bernhardt Coach<\/title>\n<meta name=\"robots\" content=\"index, follow, max-snippet:-1, max-image-preview:large, max-video-preview:-1\" \/>\n<link rel=\"canonical\" href=\"https:\/\/gb-coach.de\/?page_id=58\" \/>\n<meta property=\"og:locale\" content=\"de_DE\" \/>\n<meta property=\"og:type\" content=\"article\" \/>\n<meta property=\"og:title\" content=\"Paarcoaching - Glen Bernhardt Coach\" \/>\n<meta property=\"og:description\" content=\"In jeder Beziehung gibt es H\u00f6hen und Tiefen. Manchmal kann eine Kleinigkeit ein Ausl\u00f6ser f\u00fcr eine gro\u00dfe Krise sein. In langj\u00e4hrigen Beziehungen kommt es vor, dass die Partner sich nicht mehr viel zu sagen haben. Und doch wollen Sie wieder neue Energie in ihre Beziehung bekommen? In diesem Fall biete ich Ihnen eine Plattform, in &hellip; \u201ePaarcoaching\u201c weiterlesen\" \/>\n<meta property=\"og:url\" content=\"https:\/\/gb-coach.de\/?page_id=58\" \/>\n<meta property=\"og:site_name\" content=\"Glen Bernhardt Coach\" \/>\n<meta property=\"article:modified_time\" content=\"2021-08-10T16:38:41+00:00\" \/>\n<meta name=\"twitter:card\" content=\"summary_large_image\" \/>\n<meta name=\"twitter:label1\" content=\"Gesch\u00e4tzte Lesezeit\" \/>\n\t<meta name=\"twitter:data1\" content=\"1\u00a0Minute\" \/>\n<script type=\"application\/ld+json\" class=\"yoast-schema-graph\">{\"@context\":\"https:\\\/\\\/schema.org\",\"@graph\":[{\"@type\":\"WebPage\",\"@id\":\"https:\\\/\\\/gb-coach.de\\\/?page_id=58\",\"url\":\"https:\\\/\\\/gb-coach.de\\\/?page_id=58\",\"name\":\"Paarcoaching - Glen Bernhardt Coach\",\"isPartOf\":{\"@id\":\"https:\\\/\\\/gb-coach.de\\\/#website\"},\"datePublished\":\"2021-08-10T16:37:02+00:00\",\"dateModified\":\"2021-08-10T16:38:41+00:00\",\"breadcrumb\":{\"@id\":\"https:\\\/\\\/gb-coach.de\\\/?page_id=58#breadcrumb\"},\"inLanguage\":\"de\",\"potentialAction\":[{\"@type\":\"ReadAction\",\"target\":[\"https:\\\/\\\/gb-coach.de\\\/?page_id=58\"]}]},{\"@type\":\"BreadcrumbList\",\"@id\":\"https:\\\/\\\/gb-coach.de\\\/?page_id=58#breadcrumb\",\"itemListElement\":[{\"@type\":\"ListItem\",\"position\":1,\"name\":\"Home\",\"item\":\"https:\\\/\\\/gb-coach.de\\\/\"},{\"@type\":\"ListItem\",\"position\":2,\"name\":\"Paarcoaching\"}]},{\"@type\":\"WebSite\",\"@id\":\"https:\\\/\\\/gb-coach.de\\\/#website\",\"url\":\"https:\\\/\\\/gb-coach.de\\\/\",\"name\":\"Glen Bernhardt Coach\",\"description\":\"Inahber: Glen Heide Master- \\\/ Lehrcoach DGfC e.V.\",\"potentialAction\":[{\"@type\":\"SearchAction\",\"target\":{\"@type\":\"EntryPoint\",\"urlTemplate\":\"https:\\\/\\\/gb-coach.de\\\/?s={search_term_string}\"},\"query-input\":{\"@type\":\"PropertyValueSpecification\",\"valueRequired\":true,\"valueName\":\"search_term_string\"}}],\"inLanguage\":\"de\"}]}<\/script>\n<!-- \/ Yoast SEO plugin. -->","yoast_head_json":{"title":"Paarcoaching - Glen Bernhardt Coach","robots":{"index":"index","follow":"follow","max-snippet":"max-snippet:-1","max-image-preview":"max-image-preview:large","max-video-preview":"max-video-preview:-1"},"canonical":"https:\/\/gb-coach.de\/?page_id=58","og_locale":"de_DE","og_type":"article","og_title":"Paarcoaching - Glen Bernhardt Coach","og_description":"In jeder Beziehung gibt es H\u00f6hen und Tiefen. Manchmal kann eine Kleinigkeit ein Ausl\u00f6ser f\u00fcr eine gro\u00dfe Krise sein. In langj\u00e4hrigen Beziehungen kommt es vor, dass die Partner sich nicht mehr viel zu sagen haben. Und doch wollen Sie wieder neue Energie in ihre Beziehung bekommen? In diesem Fall biete ich Ihnen eine Plattform, in &hellip; \u201ePaarcoaching\u201c weiterlesen","og_url":"https:\/\/gb-coach.de\/?page_id=58","og_site_name":"Glen Bernhardt Coach","article_modified_time":"2021-08-10T16:38:41+00:00","twitter_card":"summary_large_image","twitter_misc":{"Gesch\u00e4tzte Lesezeit":"1\u00a0Minute"},"schema":{"@context":"https:\/\/schema.org","@graph":[{"@type":"WebPage","@id":"https:\/\/gb-coach.de\/?page_id=58","url":"https:\/\/gb-coach.de\/?page_id=58","name":"Paarcoaching - Glen Bernhardt Coach","isPartOf":{"@id":"https:\/\/gb-coach.de\/#website"},"datePublished":"2021-08-10T16:37:02+00:00","dateModified":"2021-08-10T16:38:41+00:00","breadcrumb":{"@id":"https:\/\/gb-coach.de\/?page_id=58#breadcrumb"},"inLanguage":"de","potentialAction":[{"@type":"ReadAction","target":["https:\/\/gb-coach.de\/?page_id=58"]}]},{"@type":"BreadcrumbList","@id":"https:\/\/gb-coach.de\/?page_id=58#breadcrumb","itemListElement":[{"@type":"ListItem","position":1,"name":"Home","item":"https:\/\/gb-coach.de\/"},{"@type":"ListItem","position":2,"name":"Paarcoaching"}]},{"@type":"WebSite","@id":"https:\/\/gb-coach.de\/#website","url":"https:\/\/gb-coach.de\/","name":"Glen Bernhardt Coach","description":"Inahber: Glen Heide Master- \/ Lehrcoach DGfC e.V.","potentialAction":[{"@type":"SearchAction","target":{"@type":"EntryPoint","urlTemplate":"https:\/\/gb-coach.de\/?s={search_term_string}"},"query-input":{"@type":"PropertyValueSpecification","valueRequired":true,"valueName":"search_term_string"}}],"inLanguage":"de"}]}},"_links":{"self":[{"href":"https:\/\/gb-coach.de\/index.php?rest_route=\/wp\/v2\/pages\/58","targetHints":{"allow":["GET"]}}],"collection":[{"href":"https:\/\/gb-coach.de\/index.php?rest_route=\/wp\/v2\/pages"}],"about":[{"href":"https:\/\/gb-coach.de\/index.php?rest_route=\/wp\/v2\/types\/page"}],"author":[{"embeddable":true,"href":"https:\/\/gb-coach.de\/index.php?rest_route=\/wp\/v2\/users\/1"}],"replies":[{"embeddable":true,"href":"https:\/\/gb-coach.de\/index.php?rest_route=%2Fwp%2Fv2%2Fcomments&post=58"}],"version-history":[{"count":2,"href":"https:\/\/gb-coach.de\/index.php?rest_route=\/wp\/v2\/pages\/58\/revisions"}],"predecessor-version":[{"id":70,"href":"https:\/\/gb-coach.de\/index.php?rest_route=\/wp\/v2\/pages\/58\/revisions\/70"}],"wp:attachment":[{"href":"https:\/\/gb-coach.de\/index.php?rest_route=%2Fwp%2Fv2%2Fmedia&parent=58"}],"curies":[{"name":"wp","href":"https:\/\/api.w.org\/{rel}","templated":true}]}}