{"id":121,"date":"2025-04-21T09:46:22","date_gmt":"2025-04-21T09:46:22","guid":{"rendered":"https:\/\/gb-coach.de\/?page_id=121"},"modified":"2025-04-21T09:59:26","modified_gmt":"2025-04-21T09:59:26","slug":"zum-teilen","status":"publish","type":"page","link":"https:\/\/gb-coach.de\/?page_id=121","title":{"rendered":"zum Teilen"},"content":{"rendered":"\n<p>Ich war mit der Weiterbildungsgruppe in unserem Outdoormodul in Schmochtitz und die Losung des Wochenendes w\u00fcrde ich gern teilen:<\/p>\n\n\n\n<p>Ich bin bereit, voller Dankbarkeit und Fantasie, pr\u00e4sent und mit Mut zu Neuem, h\u00f6re dabei auf meine innere Stimme und gehe Schritt f\u00fcr Schritt, um in Kontakt zu bleiben und f\u00fcr Dich da zu sein.<\/p>\n\n\n\n<p>Lasst uns nicht aufgeben, flexible und experimentelle Regeln gemeinsam zu erarbeiten, dabei \u00fcberraschende Ideen zu entwickeln und nicht zu vergessen W\u00fcnsche zu \u00e4u\u00dfern und Verst\u00e4ndnis zu zeigen \u2013 All das braucht Geschicklichkeit &#8211;<\/p>\n\n\n\n<p>Manchmal ist es ein bisschen Magie, wenn Menschen zusammen etwas erreichen wollen.<\/p>\n","protected":false},"excerpt":{"rendered":"<p>Ich war mit der Weiterbildungsgruppe in unserem Outdoormodul in Schmochtitz und die Losung des Wochenendes w\u00fcrde ich gern teilen: Ich bin bereit, voller Dankbarkeit und Fantasie, pr\u00e4sent und mit Mut zu Neuem, h\u00f6re dabei auf meine innere Stimme und gehe Schritt f\u00fcr Schritt, um in Kontakt zu bleiben und f\u00fcr Dich da zu sein. Lasst &hellip; <\/p>\n<p class=\"link-more\"><a href=\"https:\/\/gb-coach.de\/?page_id=121\" class=\"more-link\"><span class=\"screen-reader-text\">\u201ezum Teilen\u201c <\/span>weiterlesen<\/a><\/p>\n","protected":false},"author":1,"featured_media":0,"parent":0,"menu_order":0,"comment_status":"closed","ping_status":"closed","template":"","meta":{"footnotes":""},"class_list":["post-121","page","type-page","status-publish","hentry"],"yoast_head":"<!-- This site is optimized with the Yoast SEO plugin v27.4 - https:\/\/yoast.com\/product\/yoast-seo-wordpress\/ -->\n<title>zum Teilen - Glen Bernhardt Coach<\/title>\n<meta name=\"robots\" content=\"index, follow, max-snippet:-1, max-image-preview:large, max-video-preview:-1\" \/>\n<link rel=\"canonical\" href=\"https:\/\/gb-coach.de\/?page_id=121\" \/>\n<meta property=\"og:locale\" content=\"de_DE\" \/>\n<meta property=\"og:type\" content=\"article\" \/>\n<meta property=\"og:title\" content=\"zum Teilen - Glen Bernhardt Coach\" \/>\n<meta property=\"og:description\" content=\"Ich war mit der Weiterbildungsgruppe in unserem Outdoormodul in Schmochtitz und die Losung des Wochenendes w\u00fcrde ich gern teilen: Ich bin bereit, voller Dankbarkeit und Fantasie, pr\u00e4sent und mit Mut zu Neuem, h\u00f6re dabei auf meine innere Stimme und gehe Schritt f\u00fcr Schritt, um in Kontakt zu bleiben und f\u00fcr Dich da zu sein. Lasst &hellip; \u201ezum Teilen\u201c weiterlesen\" \/>\n<meta property=\"og:url\" content=\"https:\/\/gb-coach.de\/?page_id=121\" \/>\n<meta property=\"og:site_name\" content=\"Glen Bernhardt Coach\" \/>\n<meta property=\"article:modified_time\" content=\"2025-04-21T09:59:26+00:00\" \/>\n<meta name=\"twitter:card\" content=\"summary_large_image\" \/>\n<meta name=\"twitter:label1\" content=\"Gesch\u00e4tzte Lesezeit\" \/>\n\t<meta name=\"twitter:data1\" content=\"1\u00a0Minute\" \/>\n<script type=\"application\/ld+json\" class=\"yoast-schema-graph\">{\"@context\":\"https:\\\/\\\/schema.org\",\"@graph\":[{\"@type\":\"WebPage\",\"@id\":\"https:\\\/\\\/gb-coach.de\\\/?page_id=121\",\"url\":\"https:\\\/\\\/gb-coach.de\\\/?page_id=121\",\"name\":\"zum Teilen - Glen Bernhardt Coach\",\"isPartOf\":{\"@id\":\"https:\\\/\\\/gb-coach.de\\\/#website\"},\"datePublished\":\"2025-04-21T09:46:22+00:00\",\"dateModified\":\"2025-04-21T09:59:26+00:00\",\"breadcrumb\":{\"@id\":\"https:\\\/\\\/gb-coach.de\\\/?page_id=121#breadcrumb\"},\"inLanguage\":\"de\",\"potentialAction\":[{\"@type\":\"ReadAction\",\"target\":[\"https:\\\/\\\/gb-coach.de\\\/?page_id=121\"]}]},{\"@type\":\"BreadcrumbList\",\"@id\":\"https:\\\/\\\/gb-coach.de\\\/?page_id=121#breadcrumb\",\"itemListElement\":[{\"@type\":\"ListItem\",\"position\":1,\"name\":\"Home\",\"item\":\"https:\\\/\\\/gb-coach.de\\\/\"},{\"@type\":\"ListItem\",\"position\":2,\"name\":\"zum Teilen\"}]},{\"@type\":\"WebSite\",\"@id\":\"https:\\\/\\\/gb-coach.de\\\/#website\",\"url\":\"https:\\\/\\\/gb-coach.de\\\/\",\"name\":\"Glen Bernhardt Coach\",\"description\":\"Inahber: Glen Heide Master- \\\/ Lehrcoach DGfC e.V.\",\"potentialAction\":[{\"@type\":\"SearchAction\",\"target\":{\"@type\":\"EntryPoint\",\"urlTemplate\":\"https:\\\/\\\/gb-coach.de\\\/?s={search_term_string}\"},\"query-input\":{\"@type\":\"PropertyValueSpecification\",\"valueRequired\":true,\"valueName\":\"search_term_string\"}}],\"inLanguage\":\"de\"}]}<\/script>\n<!-- \/ Yoast SEO plugin. -->","yoast_head_json":{"title":"zum Teilen - Glen Bernhardt Coach","robots":{"index":"index","follow":"follow","max-snippet":"max-snippet:-1","max-image-preview":"max-image-preview:large","max-video-preview":"max-video-preview:-1"},"canonical":"https:\/\/gb-coach.de\/?page_id=121","og_locale":"de_DE","og_type":"article","og_title":"zum Teilen - Glen Bernhardt Coach","og_description":"Ich war mit der Weiterbildungsgruppe in unserem Outdoormodul in Schmochtitz und die Losung des Wochenendes w\u00fcrde ich gern teilen: Ich bin bereit, voller Dankbarkeit und Fantasie, pr\u00e4sent und mit Mut zu Neuem, h\u00f6re dabei auf meine innere Stimme und gehe Schritt f\u00fcr Schritt, um in Kontakt zu bleiben und f\u00fcr Dich da zu sein. Lasst &hellip; \u201ezum Teilen\u201c weiterlesen","og_url":"https:\/\/gb-coach.de\/?page_id=121","og_site_name":"Glen Bernhardt Coach","article_modified_time":"2025-04-21T09:59:26+00:00","twitter_card":"summary_large_image","twitter_misc":{"Gesch\u00e4tzte Lesezeit":"1\u00a0Minute"},"schema":{"@context":"https:\/\/schema.org","@graph":[{"@type":"WebPage","@id":"https:\/\/gb-coach.de\/?page_id=121","url":"https:\/\/gb-coach.de\/?page_id=121","name":"zum Teilen - Glen Bernhardt Coach","isPartOf":{"@id":"https:\/\/gb-coach.de\/#website"},"datePublished":"2025-04-21T09:46:22+00:00","dateModified":"2025-04-21T09:59:26+00:00","breadcrumb":{"@id":"https:\/\/gb-coach.de\/?page_id=121#breadcrumb"},"inLanguage":"de","potentialAction":[{"@type":"ReadAction","target":["https:\/\/gb-coach.de\/?page_id=121"]}]},{"@type":"BreadcrumbList","@id":"https:\/\/gb-coach.de\/?page_id=121#breadcrumb","itemListElement":[{"@type":"ListItem","position":1,"name":"Home","item":"https:\/\/gb-coach.de\/"},{"@type":"ListItem","position":2,"name":"zum Teilen"}]},{"@type":"WebSite","@id":"https:\/\/gb-coach.de\/#website","url":"https:\/\/gb-coach.de\/","name":"Glen Bernhardt Coach","description":"Inahber: Glen Heide Master- \/ Lehrcoach DGfC e.V.","potentialAction":[{"@type":"SearchAction","target":{"@type":"EntryPoint","urlTemplate":"https:\/\/gb-coach.de\/?s={search_term_string}"},"query-input":{"@type":"PropertyValueSpecification","valueRequired":true,"valueName":"search_term_string"}}],"inLanguage":"de"}]}},"_links":{"self":[{"href":"https:\/\/gb-coach.de\/index.php?rest_route=\/wp\/v2\/pages\/121","targetHints":{"allow":["GET"]}}],"collection":[{"href":"https:\/\/gb-coach.de\/index.php?rest_route=\/wp\/v2\/pages"}],"about":[{"href":"https:\/\/gb-coach.de\/index.php?rest_route=\/wp\/v2\/types\/page"}],"author":[{"embeddable":true,"href":"https:\/\/gb-coach.de\/index.php?rest_route=\/wp\/v2\/users\/1"}],"replies":[{"embeddable":true,"href":"https:\/\/gb-coach.de\/index.php?rest_route=%2Fwp%2Fv2%2Fcomments&post=121"}],"version-history":[{"count":3,"href":"https:\/\/gb-coach.de\/index.php?rest_route=\/wp\/v2\/pages\/121\/revisions"}],"predecessor-version":[{"id":135,"href":"https:\/\/gb-coach.de\/index.php?rest_route=\/wp\/v2\/pages\/121\/revisions\/135"}],"wp:attachment":[{"href":"https:\/\/gb-coach.de\/index.php?rest_route=%2Fwp%2Fv2%2Fmedia&parent=121"}],"curies":[{"name":"wp","href":"https:\/\/api.w.org\/{rel}","templated":true}]}}